{"id":2,"date":"2025-03-16T12:14:29","date_gmt":"2025-03-16T11:14:29","guid":{"rendered":"http:\/\/fajepi.com\/?page_id=2"},"modified":"2025-03-16T17:33:41","modified_gmt":"2025-03-16T16:33:41","slug":"page-d-exemple","status":"publish","type":"page","link":"https:\/\/fajepi.com\/index.php\/page-d-exemple\/","title":{"rendered":"vous \u00eates bienvenue chez fajepi consulting"},"content":{"rendered":"\n<p><\/p>\n\n\n\n<p>Vous \u00eates \u00e0 la recherche de conseil pour am\u00e9liorer la collaboration entre vos  \u00e9quipes, identifier de nouveaux march\u00e9s, &#8230;. fajepi conseil est l\u00e0 pour vous.<\/p>\n","protected":false},"excerpt":{"rendered":"<p>Vous \u00eates \u00e0 la recherche de conseil pour am\u00e9liorer la collaboration entre vos \u00e9quipes, identifier de nouveaux march\u00e9s, &#8230;. fajepi conseil est l\u00e0 pour vous.<\/p>\n","protected":false},"author":1,"featured_media":8,"parent":0,"menu_order":0,"comment_status":"closed","ping_status":"open","template":"","meta":{"footnotes":""},"class_list":["post-2","page","type-page","status-publish","has-post-thumbnail","hentry"],"_links":{"self":[{"href":"https:\/\/fajepi.com\/index.php\/wp-json\/wp\/v2\/pages\/2","targetHints":{"allow":["GET"]}}],"collection":[{"href":"https:\/\/fajepi.com\/index.php\/wp-json\/wp\/v2\/pages"}],"about":[{"href":"https:\/\/fajepi.com\/index.php\/wp-json\/wp\/v2\/types\/page"}],"author":[{"embeddable":true,"href":"https:\/\/fajepi.com\/index.php\/wp-json\/wp\/v2\/users\/1"}],"replies":[{"embeddable":true,"href":"https:\/\/fajepi.com\/index.php\/wp-json\/wp\/v2\/comments?post=2"}],"version-history":[{"count":1,"href":"https:\/\/fajepi.com\/index.php\/wp-json\/wp\/v2\/pages\/2\/revisions"}],"predecessor-version":[{"id":7,"href":"https:\/\/fajepi.com\/index.php\/wp-json\/wp\/v2\/pages\/2\/revisions\/7"}],"wp:featuredmedia":[{"embeddable":true,"href":"https:\/\/fajepi.com\/index.php\/wp-json\/wp\/v2\/media\/8"}],"wp:attachment":[{"href":"https:\/\/fajepi.com\/index.php\/wp-json\/wp\/v2\/media?parent=2"}],"curies":[{"name":"wp","href":"https:\/\/api.w.org\/{rel}","templated":true}]}}